{"id":1501,"date":"2020-12-21T00:43:23","date_gmt":"2020-12-21T00:43:23","guid":{"rendered":"http:\/\/dofustouchcompanion.socom.pl\/wp\/?page_id=1501"},"modified":"2020-12-21T00:43:23","modified_gmt":"2020-12-21T00:43:23","slug":"archiwum-przetargow","status":"publish","type":"page","link":"https:\/\/grupakok.pl\/?page_id=1501","title":{"rendered":"Archiwum Przetarg\u00f3w"},"content":{"rendered":"\r\n\t\t<div class=\"bdp-post-grid-main bdp-design-2 bdpgrid-1 bdp-clearfix\">\t\t\t\r\n\t\t\t<div class=\"bdp-post-grid  bdp-medium-12 bdp-columns \">\t\t\r\n\t<div class=\"bdp-post-grid-content bdp-no-thumb-image\">\r\n\t\t\t\t<div class=\"bdp-post-margin-content\">\r\n\t\t\t\r\n\t\t\t<h2 class=\"bdp-post-title\">\r\n\t\t\t\t<a href=\"https:\/\/grupakok.pl\/?p=2481\">Grupa KOK sp. z o.o. og\u0142asza przetarg nieograniczony na &#8220;Dostaw\u0119 odzie\u017cy roboczej&#8221;.<\/a>\r\n\t\t\t<\/h2>\r\n\r\n\t\t\t\t\t\t\t<div class=\"bdp-post-meta\">\r\n\t\t\t\t\t\t\t\t\t\t\t\t\t\t\t\t\t\t\t\t\t<span class=\"bdp-post-meta-innr bdp-time\"> 21 lutego 2022 <\/span>\r\n\t\t\t\t\t\t\t\t\t\t\t\t\t\t\t\t\t\t\t<\/div>\r\n\t\t\t\t\t\t\t<div class=\"bdp-post-content\">\r\n\t\t\t\t\t<div class=\"bdp-post-short-content\">O G \u0141 O S Z E N I E &nbsp; Grupa KOK sp. z o.o. z siedzib\u0105: 41 -...<\/div>\r\n\t\t\t\t\t\t\t\t\t\t\t<a href=\"https:\/\/grupakok.pl\/?p=2481\" class=\"bdp-readmorebtn\">Czytaj dalej<\/a>\r\n\t\t\t\t\t\t\t\t\t<\/div>\r\n\t\t\t\t\t<\/div>\r\n\t<\/div>\r\n<\/div><div class=\"bdp-post-grid  bdp-medium-12 bdp-columns \">\t\t\r\n\t<div class=\"bdp-post-grid-content bdp-no-thumb-image\">\r\n\t\t\t\t<div class=\"bdp-post-margin-content\">\r\n\t\t\t\r\n\t\t\t<h2 class=\"bdp-post-title\">\r\n\t\t\t\t<a href=\"https:\/\/grupakok.pl\/?p=2470\">Grupa KOK sp. z o.o. og\u0142asza przetarg nieograniczony na us\u0142ugi transportowe samochodami ci\u0119\u017carowymi 6, 9 i 16 t.<\/a>\r\n\t\t\t<\/h2>\r\n\r\n\t\t\t\t\t\t\t<div class=\"bdp-post-meta\">\r\n\t\t\t\t\t\t\t\t\t\t\t\t\t\t\t\t\t\t\t\t\t<span class=\"bdp-post-meta-innr bdp-time\"> 21 lutego 2022 <\/span>\r\n\t\t\t\t\t\t\t\t\t\t\t\t\t\t\t\t\t\t\t<\/div>\r\n\t\t\t\t\t\t\t<div class=\"bdp-post-content\">\r\n\t\t\t\t\t<div class=\"bdp-post-short-content\">O G \u0141 O S Z E N I E &nbsp; Grupa KOK sp. z o.o. z siedzib\u0105:41 - 806...<\/div>\r\n\t\t\t\t\t\t\t\t\t\t\t<a href=\"https:\/\/grupakok.pl\/?p=2470\" class=\"bdp-readmorebtn\">Czytaj dalej<\/a>\r\n\t\t\t\t\t\t\t\t\t<\/div>\r\n\t\t\t\t\t<\/div>\r\n\t<\/div>\r\n<\/div><div class=\"bdp-post-grid  bdp-medium-12 bdp-columns \">\t\t\r\n\t<div class=\"bdp-post-grid-content bdp-no-thumb-image\">\r\n\t\t\t\t<div class=\"bdp-post-margin-content\">\r\n\t\t\t\r\n\t\t\t<h2 class=\"bdp-post-title\">\r\n\t\t\t\t<a href=\"https:\/\/grupakok.pl\/?p=2461\">Grupa KOK sp. z o.o. og\u0142asza przetarg nieograniczony dotycz\u0105cy dzier\u017cawy w\u00f3zk\u00f3w wid\u0142owych<\/a>\r\n\t\t\t<\/h2>\r\n\r\n\t\t\t\t\t\t\t<div class=\"bdp-post-meta\">\r\n\t\t\t\t\t\t\t\t\t\t\t\t\t\t\t\t\t\t\t\t\t<span class=\"bdp-post-meta-innr bdp-time\"> 15 lutego 2022 <\/span>\r\n\t\t\t\t\t\t\t\t\t\t\t\t\t\t\t\t\t\t\t<\/div>\r\n\t\t\t\t\t\t\t<div class=\"bdp-post-content\">\r\n\t\t\t\t\t<div class=\"bdp-post-short-content\">O G \u0141 O S Z E N I E Grupa KOK sp. z o.o. z siedzib\u0105: 41 - 806...<\/div>\r\n\t\t\t\t\t\t\t\t\t\t\t<a href=\"https:\/\/grupakok.pl\/?p=2461\" class=\"bdp-readmorebtn\">Czytaj dalej<\/a>\r\n\t\t\t\t\t\t\t\t\t<\/div>\r\n\t\t\t\t\t<\/div>\r\n\t<\/div>\r\n<\/div><div class=\"bdp-post-grid  bdp-medium-12 bdp-columns \">\t\t\r\n\t<div class=\"bdp-post-grid-content bdp-no-thumb-image\">\r\n\t\t\t\t<div class=\"bdp-post-margin-content\">\r\n\t\t\t\r\n\t\t\t<h2 class=\"bdp-post-title\">\r\n\t\t\t\t<a href=\"https:\/\/grupakok.pl\/?p=2441\">Grupa KOK sp. z o.o. og\u0142asza przetarg nieograniczony na dostaw\u0119 \u015brodk\u00f3w czysto\u015bci, chemii gospodarczej oraz chemii specjalistycznej<\/a>\r\n\t\t\t<\/h2>\r\n\r\n\t\t\t\t\t\t\t<div class=\"bdp-post-meta\">\r\n\t\t\t\t\t\t\t\t\t\t\t\t\t\t\t\t\t\t\t\t\t<span class=\"bdp-post-meta-innr bdp-time\"> 15 lutego 2022 <\/span>\r\n\t\t\t\t\t\t\t\t\t\t\t\t\t\t\t\t\t\t\t<\/div>\r\n\t\t\t\t\t\t\t<div class=\"bdp-post-content\">\r\n\t\t\t\t\t<div class=\"bdp-post-short-content\">O G \u0141 O S Z E N I E Grupa KOK sp. z o.o. z siedzib\u0105:41-806 Zabrze , ul....<\/div>\r\n\t\t\t\t\t\t\t\t\t\t\t<a href=\"https:\/\/grupakok.pl\/?p=2441\" class=\"bdp-readmorebtn\">Czytaj dalej<\/a>\r\n\t\t\t\t\t\t\t\t\t<\/div>\r\n\t\t\t\t\t<\/div>\r\n\t<\/div>\r\n<\/div><div class=\"bdp-post-grid  bdp-medium-12 bdp-columns \">\t\t\r\n\t<div class=\"bdp-post-grid-content bdp-no-thumb-image\">\r\n\t\t\t\t<div class=\"bdp-post-margin-content\">\r\n\t\t\t\r\n\t\t\t<h2 class=\"bdp-post-title\">\r\n\t\t\t\t<a href=\"https:\/\/grupakok.pl\/?p=2359\">Grupa KOK sp. z o.o. og\u0142asza przetarg nieograniczony na &#8220;\u015awiadczenie us\u0142ug transportowych samochodami ci\u0119\u017carowymi 6 t., 9 t., 16 t.&#8221;<\/a>\r\n\t\t\t<\/h2>\r\n\r\n\t\t\t\t\t\t\t<div class=\"bdp-post-meta\">\r\n\t\t\t\t\t\t\t\t\t\t\t\t\t\t\t\t\t\t\t\t\t<span class=\"bdp-post-meta-innr bdp-time\"> 29 listopada 2021 <\/span>\r\n\t\t\t\t\t\t\t\t\t\t\t\t\t\t\t\t\t\t\t<\/div>\r\n\t\t\t\t\t\t\t<div class=\"bdp-post-content\">\r\n\t\t\t\t\t<div class=\"bdp-post-short-content\">Grupa KOK sp. z o.o. z siedzib\u0105:41-806 Zabrze , ul. Lompy 11 og\u0142asza przetarg nieograniczony na: &nbsp; \u201e\u015awiadczenie us\u0142ug transportowych...<\/div>\r\n\t\t\t\t\t\t\t\t\t\t\t<a href=\"https:\/\/grupakok.pl\/?p=2359\" class=\"bdp-readmorebtn\">Czytaj dalej<\/a>\r\n\t\t\t\t\t\t\t\t\t<\/div>\r\n\t\t\t\t\t<\/div>\r\n\t<\/div>\r\n<\/div><div class=\"bdp-post-grid  bdp-medium-12 bdp-columns \">\t\t\r\n\t<div class=\"bdp-post-grid-content bdp-no-thumb-image\">\r\n\t\t\t\t<div class=\"bdp-post-margin-content\">\r\n\t\t\t\r\n\t\t\t<h2 class=\"bdp-post-title\">\r\n\t\t\t\t<a href=\"https:\/\/grupakok.pl\/?p=2324\">Grupa KOK sp. z o.o. og\u0142asza przetarg nieograniczony na dostaw\u0119 sort\u00f3w mundurowych<\/a>\r\n\t\t\t<\/h2>\r\n\r\n\t\t\t\t\t\t\t<div class=\"bdp-post-meta\">\r\n\t\t\t\t\t\t\t\t\t\t\t\t\t\t\t\t\t\t\t\t\t<span class=\"bdp-post-meta-innr bdp-time\"> 25 pa\u017adziernika 2021 <\/span>\r\n\t\t\t\t\t\t\t\t\t\t\t\t\t\t\t\t\t\t\t<\/div>\r\n\t\t\t\t\t\t\t<div class=\"bdp-post-content\">\r\n\t\t\t\t\t<div class=\"bdp-post-short-content\">O G \u0141 O S Z E N I E Grupa KOK sp. z o.o. z siedzib\u0105:41-806 Zabrze, ul. Lompy...<\/div>\r\n\t\t\t\t\t\t\t\t\t\t\t<a href=\"https:\/\/grupakok.pl\/?p=2324\" class=\"bdp-readmorebtn\">Czytaj dalej<\/a>\r\n\t\t\t\t\t\t\t\t\t<\/div>\r\n\t\t\t\t\t<\/div>\r\n\t<\/div>\r\n<\/div><div class=\"bdp-post-grid  bdp-medium-12 bdp-columns \">\t\t\r\n\t<div class=\"bdp-post-grid-content bdp-no-thumb-image\">\r\n\t\t\t\t<div class=\"bdp-post-margin-content\">\r\n\t\t\t\r\n\t\t\t<h2 class=\"bdp-post-title\">\r\n\t\t\t\t<a href=\"https:\/\/grupakok.pl\/?p=2267\">Grupa KOK sp. z o.o. og\u0142asza przetarg nieograniczony na dostaw\u0119 gaz\u00f3w technicznych<\/a>\r\n\t\t\t<\/h2>\r\n\r\n\t\t\t\t\t\t\t<div class=\"bdp-post-meta\">\r\n\t\t\t\t\t\t\t\t\t\t\t\t\t\t\t\t\t\t\t\t\t<span class=\"bdp-post-meta-innr bdp-time\"> 8 pa\u017adziernika 2021 <\/span>\r\n\t\t\t\t\t\t\t\t\t\t\t\t\t\t\t\t\t\t\t<\/div>\r\n\t\t\t\t\t\t\t<div class=\"bdp-post-content\">\r\n\t\t\t\t\t<div class=\"bdp-post-short-content\">O G \u0141 O S Z E N I E Grupa KOK sp. z o.o. z siedzib\u0105:41-806 Zabrze , ul....<\/div>\r\n\t\t\t\t\t\t\t\t\t\t\t<a href=\"https:\/\/grupakok.pl\/?p=2267\" class=\"bdp-readmorebtn\">Czytaj dalej<\/a>\r\n\t\t\t\t\t\t\t\t\t<\/div>\r\n\t\t\t\t\t<\/div>\r\n\t<\/div>\r\n<\/div><div class=\"bdp-post-grid  bdp-medium-12 bdp-columns \">\t\t\r\n\t<div class=\"bdp-post-grid-content bdp-no-thumb-image\">\r\n\t\t\t\t<div class=\"bdp-post-margin-content\">\r\n\t\t\t\r\n\t\t\t<h2 class=\"bdp-post-title\">\r\n\t\t\t\t<a href=\"https:\/\/grupakok.pl\/?p=2250\">Grupa KOK sp. z o.o. og\u0142asza przetarg nieograniczony dot. &#8220;\u015awiadczenia us\u0142ug transportowych samochodami ci\u0119\u017carowymi 24t&#8221;<\/a>\r\n\t\t\t<\/h2>\r\n\r\n\t\t\t\t\t\t\t<div class=\"bdp-post-meta\">\r\n\t\t\t\t\t\t\t\t\t\t\t\t\t\t\t\t\t\t\t\t\t<span class=\"bdp-post-meta-innr bdp-time\"> 17 wrze\u015bnia 2021 <\/span>\r\n\t\t\t\t\t\t\t\t\t\t\t\t\t\t\t\t\t\t\t<\/div>\r\n\t\t\t\t\t\t\t<div class=\"bdp-post-content\">\r\n\t\t\t\t\t<div class=\"bdp-post-short-content\">O G \u0141 O S Z E N I E Grupa KOK sp. z o.o. z siedzib\u0105:41-806 Zabrze , ul....<\/div>\r\n\t\t\t\t\t\t\t\t\t\t\t<a href=\"https:\/\/grupakok.pl\/?p=2250\" class=\"bdp-readmorebtn\">Czytaj dalej<\/a>\r\n\t\t\t\t\t\t\t\t\t<\/div>\r\n\t\t\t\t\t<\/div>\r\n\t<\/div>\r\n<\/div><div class=\"bdp-post-grid  bdp-medium-12 bdp-columns \">\t\t\r\n\t<div class=\"bdp-post-grid-content bdp-no-thumb-image\">\r\n\t\t\t\t<div class=\"bdp-post-margin-content\">\r\n\t\t\t\r\n\t\t\t<h2 class=\"bdp-post-title\">\r\n\t\t\t\t<a href=\"https:\/\/grupakok.pl\/?p=2241\">Grupa KOK sp. z o.o. z siedzib\u0105 w Zabrzu og\u0142asza przetarg nieograniczony na dostaw\u0119 oleju opa\u0142owego lekkiego<\/a>\r\n\t\t\t<\/h2>\r\n\r\n\t\t\t\t\t\t\t<div class=\"bdp-post-meta\">\r\n\t\t\t\t\t\t\t\t\t\t\t\t\t\t\t\t\t\t\t\t\t<span class=\"bdp-post-meta-innr bdp-time\"> 27 sierpnia 2021 <\/span>\r\n\t\t\t\t\t\t\t\t\t\t\t\t\t\t\t\t\t\t\t<\/div>\r\n\t\t\t\t\t\t\t<div class=\"bdp-post-content\">\r\n\t\t\t\t\t<div class=\"bdp-post-short-content\">O G \u0141 O S Z E N I E Grupa KOK sp. z o.o. z siedzib\u0105:41-806 Zabrze , ul....<\/div>\r\n\t\t\t\t\t\t\t\t\t\t\t<a href=\"https:\/\/grupakok.pl\/?p=2241\" class=\"bdp-readmorebtn\">Czytaj dalej<\/a>\r\n\t\t\t\t\t\t\t\t\t<\/div>\r\n\t\t\t\t\t<\/div>\r\n\t<\/div>\r\n<\/div><div class=\"bdp-post-grid  bdp-medium-12 bdp-columns \">\t\t\r\n\t<div class=\"bdp-post-grid-content bdp-no-thumb-image\">\r\n\t\t\t\t<div class=\"bdp-post-margin-content\">\r\n\t\t\t\r\n\t\t\t<h2 class=\"bdp-post-title\">\r\n\t\t\t\t<a href=\"https:\/\/grupakok.pl\/?p=2158\">Grupa KOK sp. z o.o. og\u0142asza przetarg nieograniczony na dzier\u017caw\u0119 i serwis kabin sanitarnych<\/a>\r\n\t\t\t<\/h2>\r\n\r\n\t\t\t\t\t\t\t<div class=\"bdp-post-meta\">\r\n\t\t\t\t\t\t\t\t\t\t\t\t\t\t\t\t\t\t\t\t\t<span class=\"bdp-post-meta-innr bdp-time\"> 23 kwietnia 2021 <\/span>\r\n\t\t\t\t\t\t\t\t\t\t\t\t\t\t\t\t\t\t\t<\/div>\r\n\t\t\t\t\t\t\t<div class=\"bdp-post-content\">\r\n\t\t\t\t\t<div class=\"bdp-post-short-content\">O G \u0141 O S Z E N I E Grupa KOK sp. z o.o. z siedzib\u0105:41-806 Zabrze , ul....<\/div>\r\n\t\t\t\t\t\t\t\t\t\t\t<a href=\"https:\/\/grupakok.pl\/?p=2158\" class=\"bdp-readmorebtn\">Czytaj dalej<\/a>\r\n\t\t\t\t\t\t\t\t\t<\/div>\r\n\t\t\t\t\t<\/div>\r\n\t<\/div>\r\n<\/div><div class=\"bdp-post-grid  bdp-medium-12 bdp-columns \">\t\t\r\n\t<div class=\"bdp-post-grid-content bdp-no-thumb-image\">\r\n\t\t\t\t<div class=\"bdp-post-margin-content\">\r\n\t\t\t\r\n\t\t\t<h2 class=\"bdp-post-title\">\r\n\t\t\t\t<a href=\"https:\/\/grupakok.pl\/?p=2069\">Post\u0119powanie o udzielenie zam\u00f3wienia w trybie przetargu nieograniczonego pt. &#8220;Dostawa \u015brodk\u00f3w czysto\u015bci i chemii gospodarczej&#8221;.<\/a>\r\n\t\t\t<\/h2>\r\n\r\n\t\t\t\t\t\t\t<div class=\"bdp-post-meta\">\r\n\t\t\t\t\t\t\t\t\t\t\t\t\t\t\t\t\t\t\t\t\t<span class=\"bdp-post-meta-innr bdp-time\"> 12 lutego 2021 <\/span>\r\n\t\t\t\t\t\t\t\t\t\t\t\t\t\t\t\t\t\t\t<\/div>\r\n\t\t\t\t\t\t\t<div class=\"bdp-post-content\">\r\n\t\t\t\t\t<div class=\"bdp-post-short-content\">11.02.2021. SIWZ-scan 11.02.2021. Za\u0142\u0105cznik nr 1 do SIWZ-Formularz Ofertowy 11.02.2021. Kopia Za\u0142\u0105cznik nr 2a do SIWZ-Formularz cenowy-Zakres I-zabl_ 11.02.2021. Kopia...<\/div>\r\n\t\t\t\t\t\t\t\t\t\t\t<a href=\"https:\/\/grupakok.pl\/?p=2069\" class=\"bdp-readmorebtn\">Czytaj dalej<\/a>\r\n\t\t\t\t\t\t\t\t\t<\/div>\r\n\t\t\t\t\t<\/div>\r\n\t<\/div>\r\n<\/div>\t\t<\/div>\r\n\r\n\t\t\n","protected":false},"excerpt":{"rendered":"","protected":false},"author":1,"featured_media":0,"parent":976,"menu_order":0,"comment_status":"closed","ping_status":"closed","template":"","meta":{"advgb_blocks_editor_width":"","advgb_blocks_columns_visual_guide":"","_coblocks_attr":"","_coblocks_dimensions":"","_coblocks_responsive_height":"","_coblocks_accordion_ie_support":"","footnotes":""},"class_list":["post-1501","page","type-page","status-publish","hentry"],"featured_image_urls":{"full":"","thumbnail":"","medium":"","medium_large":"","large":"","1536x1536":"","2048x2048":"","ab-block-post-grid-landscape":"","ab-block-post-grid-square":"","flash-square":"","flash-big":"","flash-grid":"","sow-carousel-default":""},"post_excerpt_stackable":"<p>Grupa KOK sp. z o.o. og\u0142asza przetarg nieograniczony na &#8220;Dostaw\u0119 odzie\u017cy roboczej&#8221;. 21 lutego 2022 O G \u0141 O S Z E N I E &nbsp; Grupa KOK sp. z o.o. z siedzib\u0105: 41 -&#8230; Czytaj dalej Grupa KOK sp. z o.o. og\u0142asza przetarg nieograniczony na us\u0142ugi transportowe samochodami ci\u0119\u017carowymi 6, 9 i 16 t. 21 lutego 2022 O G \u0141 O S Z E N I E &nbsp; Grupa KOK sp. z o.o. z siedzib\u0105:41 &#8211; 806&#8230; Czytaj dalej Grupa KOK sp. z o.o. og\u0142asza przetarg nieograniczony dotycz\u0105cy dzier\u017cawy w\u00f3zk\u00f3w wid\u0142owych 15 lutego 2022 O G \u0141 O S&hellip;<\/p>\n","category_list":"","author_info":{"name":"demo","url":"https:\/\/grupakok.pl\/?author=1"},"comments_num":"0 comments","featured_image_src":null,"featured_image_src_square":null,"_links":{"self":[{"href":"https:\/\/grupakok.pl\/index.php?rest_route=\/wp\/v2\/pages\/1501","targetHints":{"allow":["GET"]}}],"collection":[{"href":"https:\/\/grupakok.pl\/index.php?rest_route=\/wp\/v2\/pages"}],"about":[{"href":"https:\/\/grupakok.pl\/index.php?rest_route=\/wp\/v2\/types\/page"}],"author":[{"embeddable":true,"href":"https:\/\/grupakok.pl\/index.php?rest_route=\/wp\/v2\/users\/1"}],"replies":[{"embeddable":true,"href":"https:\/\/grupakok.pl\/index.php?rest_route=%2Fwp%2Fv2%2Fcomments&post=1501"}],"version-history":[{"count":0,"href":"https:\/\/grupakok.pl\/index.php?rest_route=\/wp\/v2\/pages\/1501\/revisions"}],"up":[{"embeddable":true,"href":"https:\/\/grupakok.pl\/index.php?rest_route=\/wp\/v2\/pages\/976"}],"wp:attachment":[{"href":"https:\/\/grupakok.pl\/index.php?rest_route=%2Fwp%2Fv2%2Fmedia&parent=1501"}],"curies":[{"name":"wp","href":"https:\/\/api.w.org\/{rel}","templated":true}]}}