{"id":776,"date":"2020-11-25T18:09:50","date_gmt":"2020-11-25T18:09:50","guid":{"rendered":"http:\/\/dofustouchcompanion.socom.pl\/wp\/?page_id=776"},"modified":"2023-01-05T12:44:56","modified_gmt":"2023-01-05T11:44:56","slug":"hunter","status":"publish","type":"page","link":"https:\/\/grupakok.pl\/?page_id=776","title":{"rendered":"Hunter"},"content":{"rendered":"<div id=\"pl-gb776-6a04d5f8936a9\"  class=\"panel-layout\" ><div id=\"pg-gb776-6a04d5f8936a9-0\"  class=\"panel-grid panel-no-style\" ><div id=\"pgc-gb776-6a04d5f8936a9-0-0\"  class=\"panel-grid-cell\" ><div id=\"panel-gb776-6a04d5f8936a9-0-0-0\" class=\"so-panel widget widget_text panel-first-child panel-last-child\" data-index=\"0\" >\t\t\t<div class=\"textwidget\"><p>Innowacyjno\u015b\u0107 i\u00a0wygoda w\u00a0ochronie os\u00f3b i\u00a0mienia<\/p>\n<p>Do\u00a0zakresu dzia\u0142a\u0144 Zespo\u0142u ds.\u00a0Monitoringu ze\u00a0wsparciem Grup Interwencyjnych oraz\u00a0ochrony fizycznej Grupy KOK sp. z\u00a0o.o. nale\u017cy:<\/p>\n<ul>\n<li>Projektowanie i\u00a0wdra\u017canie system\u00f3w zabezpiecze\u0144 dostosowanych do\u00a0potrzeb Klienta, wykrywaj\u0105cych w\u00a0czasie rzeczywistym niekorzystne zdarzenia na\u00a0terenie obiekt\u00f3w tj.\u00a0w\u0142amania, kradzie\u017ce, naruszenia ci\u0105g\u0142o\u015bci okre\u015blonych stref, nieautoryzowane wej\u015bcia<\/li>\n<li>W\u0142a\u015bciwy dob\u00f3r sprz\u0119tu, w\u00a0tym kamer pracuj\u0105cych w\u00a0podczerwieni i\u00a0czujnik\u00f3w ultrad\u017awi\u0119kowych pozwalaj\u0105cych na\u00a0efektywne ich wykorzystanie nawet w\u00a0niekorzystnych warunkach atmosferycznych, takich jak opady \u015bniegu lub mg\u0142y<\/li>\n<li>Pe\u0142na rejestracja zdarze\u0144 i\u00a0dzia\u0142a\u0144 operatora<\/li>\n<li>Analiza sygna\u0142\u00f3w oraz\u00a0w\u00a0razie potrzeby, adekwatna reakcja pracownik\u00f3w ochrony fizycznej i\u00a0Grup Interwencyjnych<\/li>\n<li>Serwis techniczny urz\u0105dze\u0144, sieci i\u00a0oprogramowania<\/li>\n<li>Uniwersalno\u015b\u0107 i\u00a0otwarto\u015b\u0107 systemu zabezpiecze\u0144 polega na\u00a0mo\u017cliwo\u015bci wykorzystania sprz\u0119tu posiadanego przez\u00a0Klienta, kt\u00f3ry\u00a0mo\u017cna w\u00a0razie potrzeby uzupe\u0142ni\u0107, rozbudowuj\u0105c i\u00a0dostosowuj\u0105c optymalnie do\u00a0okre\u015blonych wymaga\u0144, tak\u00a0by\u00a0by\u0142o mo\u017cliwe wdro\u017cenie autorskiego oprogramowania<\/li>\n<\/ul>\n<\/div>\n\t\t<\/div><\/div><div id=\"pgc-gb776-6a04d5f8936a9-0-1\"  class=\"panel-grid-cell\" ><div id=\"panel-gb776-6a04d5f8936a9-0-1-0\" class=\"so-panel widget widget_themegrill_flash_image tg-widget tg-image-widget panel-first-child panel-last-child\" data-index=\"1\" >\t<img decoding=\"async\" src=\"https:\/\/grupakok.pl\/wp-content\/uploads\/2020\/11\/obraz_2020-11-29_002931.png\" \/>\n<\/div><\/div><\/div><\/div>\n\n\n<div class=\"MakeMeINVISIBLE\";>\n\n\n\n<figure class=\"wp-block-image size-large is-style-rounded\"><img decoding=\"async\" src=\"http:\/\/serwer2016918.home.pl\/autoinstalator\/wordpress1\/wp-content\/uploads\/2020\/12\/pusty.png\" alt=\"\" class=\"wp-image-1839\"\/><\/figure>\n\n\n\n<\/div>\n\n\n\n<div class=\"wp-block-ugb-spacer ugb-spacer ugb-cb2f800 ugb-spacer--v2 ugb-main-block\"><div class=\"ugb-inner-block\"><div class=\"ugb-block-content\"><div class=\"ugb-spacer--inner\"><\/div><\/div><\/div><\/div>\n\n\n\n\n\n<div class=\"tech-slideshow\">\n  <div class=\"mover-1\">\n    <img decoding=\"async\" src=\"http:\/\/serwer2016918.home.pl\/autoinstalator\/wordpress1\/wp-content\/uploads\/2020\/12\/logo_HUNTER.png\" style=\"height:100px;\">\n    <img decoding=\"async\" src=\"http:\/\/serwer2016918.home.pl\/autoinstalator\/wordpress1\/wp-content\/uploads\/2020\/12\/logo_HUNTER.png\">\n    <img decoding=\"async\" src=\"http:\/\/serwer2016918.home.pl\/autoinstalator\/wordpress1\/wp-content\/uploads\/2020\/12\/logo_HUNTER.png\">\n    <img decoding=\"async\" src=\"http:\/\/serwer2016918.home.pl\/autoinstalator\/wordpress1\/wp-content\/uploads\/2020\/12\/logo_HUNTER.png\">\n    <img decoding=\"async\" src=\"http:\/\/serwer2016918.home.pl\/autoinstalator\/wordpress1\/wp-content\/uploads\/2020\/12\/logo_HUNTER.png\">\n    <img decoding=\"async\" src=\"http:\/\/serwer2016918.home.pl\/autoinstalator\/wordpress1\/wp-content\/uploads\/2020\/12\/logo_HUNTER.png\" style=\"height:100px;\">\n    <img decoding=\"async\" src=\"http:\/\/serwer2016918.home.pl\/autoinstalator\/wordpress1\/wp-content\/uploads\/2020\/12\/logo_HUNTER.png\">\n    <img decoding=\"async\" src=\"http:\/\/serwer2016918.home.pl\/autoinstalator\/wordpress1\/wp-content\/uploads\/2020\/12\/logo_HUNTER.png\">\n    <img decoding=\"async\" src=\"http:\/\/serwer2016918.home.pl\/autoinstalator\/wordpress1\/wp-content\/uploads\/2020\/12\/logo_HUNTER.png\">\n    <img decoding=\"async\" src=\"http:\/\/serwer2016918.home.pl\/autoinstalator\/wordpress1\/wp-content\/uploads\/2020\/12\/logo_HUNTER.png\">\n    <img decoding=\"async\" src=\"http:\/\/serwer2016918.home.pl\/autoinstalator\/wordpress1\/wp-content\/uploads\/2020\/12\/logo_HUNTER.png\" style=\"height:100px;\">\n    <img decoding=\"async\" src=\"http:\/\/serwer2016918.home.pl\/autoinstalator\/wordpress1\/wp-content\/uploads\/2020\/12\/logo_HUNTER.png\">\n    <img decoding=\"async\" src=\"http:\/\/serwer2016918.home.pl\/autoinstalator\/wordpress1\/wp-content\/uploads\/2020\/12\/logo_HUNTER.png\">\n    <img decoding=\"async\" src=\"http:\/\/serwer2016918.home.pl\/autoinstalator\/wordpress1\/wp-content\/uploads\/2020\/12\/logo_HUNTER.png\">\n    <img decoding=\"async\" src=\"http:\/\/serwer2016918.home.pl\/autoinstalator\/wordpress1\/wp-content\/uploads\/2020\/12\/logo_HUNTER.png\">\n  <\/div>\n<\/div>\n\n\n\n<div class=\"wp-block-ugb-icon-list ugb-icon-list ugb-aff06a1 ugb-icon-list--v2 ugb-main-block\"><div class=\"ugb-inner-block\"><h4 class=\"ugb-block-title\">Kontakt:<\/h4><div class=\"ugb-block-content\"><ul><li><strong>(32) 376-10-10<\/strong><\/li><li><strong>661-307-238<\/strong><\/li><li><strong><a href=\"mailto:r.kuzminski@grupakok.pl\">r.kuzminski@grupakok.pl<\/a><\/strong><\/li><\/ul><\/div><\/div><\/div>\n<style class=\"advgb-styles-renderer\">\n.tech-slideshow {\n  height: 110px;\n  max-width: 100%;\n  margin: 0 auto;\n  position: relative;\n  overflow: hidden;\n  border: 4px solid #bf2b2b;\n}\n\n.mover-1 {\n  height: 150px;\n  width: 10000px;\n  \n  position: absolute;\n  overflow-x:hidden;\n  top: 0;\n  left: 0;\n\n  animation: moveSlideshow 5s linear infinite;\n}\n\n.mover-1 img {\n  display:inline-block;\n  vertical-align:middle;\n  width:300px;\n  margin:0;\n}\n\n@keyframes moveSlideshow {\n  100% { \n    transform: translateX(-911px);  \n  }\n}\n.ugb-aff06a1 li::before{background-image:url('data:image\/svg+xml;base64,PHN2ZyB4bWxucz0iaHR0cDovL3d3dy53My5vcmcvMjAwMC9zdmciIHZpZXdCb3g9IjAgMCAxOTAgMTkwIiBzdHlsZT0iZmlsbDogI2ZjYjkwMCAhaW1wb3J0YW50OyBjb2xvcjogI2ZjYjkwMCAhaW1wb3J0YW50Ij48cG9seWdvbiBwb2ludHM9IjE3My44LDI4LjQgNjAuNCwxNDEuOCAxNS43LDk3LjIgNS4xLDEwNy44IDYwLjQsMTYzIDE4NC40LDM5IDE3My44LDI4LjQiIGZpbGw9IiNmY2I5MDAiIHN0cm9rZT0iI2ZjYjkwMCIgc3R5bGU9ImZpbGw6IHJnYigyNTIsIDE4NSwgMCk7IHN0cm9rZTogcmdiKDI1MiwgMTg1LCAwKTsiLz48L3N2Zz4=')}.ugb-aff06a1 li:nth-child(1):before{background-image:url('data:image\/svg+xml;base64,PHN2ZyBkYXRhLXByZWZpeD0iZmFzIiBkYXRhLWljb249InBob25lLWFsdCIgY2xhc3M9InN2Zy1pbmxpbmUtLWZhIGZhLXBob25lLWFsdCBmYS13LTE2IiByb2xlPSJpbWciIHhtbG5zPSJodHRwOi8vd3d3LnczLm9yZy8yMDAwL3N2ZyIgdmlld0JveD0iMCAwIDUxMiA1MTIiIHN0eWxlPSJmaWxsOiAjZmNiOTAwICFpbXBvcnRhbnQ7IGNvbG9yOiAjZmNiOTAwICFpbXBvcnRhbnQiPjxwYXRoIGZpbGw9IiNmY2I5MDAiIGQ9Ik00OTcuMzkgMzYxLjhsLTExMi00OGEyNCAyNCAwIDAgMC0yOCA2LjlsLTQ5LjYgNjAuNkEzNzAuNjYgMzcwLjY2IDAgMCAxIDEzMC42IDIwNC4xMWw2MC42LTQ5LjZhMjMuOTQgMjMuOTQgMCAwIDAgNi45LTI4bC00OC0xMTJBMjQuMTYgMjQuMTYgMCAwIDAgMTIyLjYuNjFsLTEwNCAyNEEyNCAyNCAwIDAgMCAwIDQ4YzAgMjU2LjUgMjA3LjkgNDY0IDQ2NCA0NjRhMjQgMjQgMCAwIDAgMjMuNC0xOC42bDI0LTEwNGEyNC4yOSAyNC4yOSAwIDAgMC0xNC4wMS0yNy42eiIgc3Ryb2tlPSIjZmNiOTAwIiBzdHlsZT0iZmlsbDogcmdiKDI1MiwgMTg1LCAwKTsgc3Ryb2tlOiByZ2IoMjUyLCAxODUsIDApOyIvPjwvc3ZnPg==')}.ugb-aff06a1 li:nth-child(2):before{background-image:url('data:image\/svg+xml;base64,PHN2ZyBkYXRhLXByZWZpeD0iZmFzIiBkYXRhLWljb249InBob25lLWFsdCIgY2xhc3M9InN2Zy1pbmxpbmUtLWZhIGZhLXBob25lLWFsdCBmYS13LTE2IiByb2xlPSJpbWciIHhtbG5zPSJodHRwOi8vd3d3LnczLm9yZy8yMDAwL3N2ZyIgdmlld0JveD0iMCAwIDUxMiA1MTIiIHN0eWxlPSJmaWxsOiAjZmNiOTAwICFpbXBvcnRhbnQ7IGNvbG9yOiAjZmNiOTAwICFpbXBvcnRhbnQiPjxwYXRoIGZpbGw9IiNmY2I5MDAiIGQ9Ik00OTcuMzkgMzYxLjhsLTExMi00OGEyNCAyNCAwIDAgMC0yOCA2LjlsLTQ5LjYgNjAuNkEzNzAuNjYgMzcwLjY2IDAgMCAxIDEzMC42IDIwNC4xMWw2MC42LTQ5LjZhMjMuOTQgMjMuOTQgMCAwIDAgNi45LTI4bC00OC0xMTJBMjQuMTYgMjQuMTYgMCAwIDAgMTIyLjYuNjFsLTEwNCAyNEEyNCAyNCAwIDAgMCAwIDQ4YzAgMjU2LjUgMjA3LjkgNDY0IDQ2NCA0NjRhMjQgMjQgMCAwIDAgMjMuNC0xOC42bDI0LTEwNGEyNC4yOSAyNC4yOSAwIDAgMC0xNC4wMS0yNy42eiIgc3Ryb2tlPSIjZmNiOTAwIiBzdHlsZT0iZmlsbDogcmdiKDI1MiwgMTg1LCAwKTsgc3Ryb2tlOiByZ2IoMjUyLCAxODUsIDApOyIvPjwvc3ZnPg==')}.ugb-aff06a1 li:nth-child(3):before{background-image:url('data:image\/svg+xml;base64,PHN2ZyBkYXRhLXByZWZpeD0iZmFzIiBkYXRhLWljb249ImVudmVsb3BlIiBjbGFzcz0ic3ZnLWlubGluZS0tZmEgZmEtZW52ZWxvcGUgZmEtdy0xNiIgcm9sZT0iaW1nIiB4bWxucz0iaHR0cDovL3d3dy53My5vcmcvMjAwMC9zdmciIHZpZXdCb3g9IjAgMCA1MTIgNTEyIiBzdHlsZT0iZmlsbDogI2ZjYjkwMCAhaW1wb3J0YW50OyBjb2xvcjogI2ZjYjkwMCAhaW1wb3J0YW50Ij48cGF0aCBmaWxsPSIjZmNiOTAwIiBkPSJNNTAyLjMgMTkwLjhjMy45LTMuMSA5LjctLjIgOS43IDQuN1Y0MDBjMCAyNi41LTIxLjUgNDgtNDggNDhINDhjLTI2LjUgMC00OC0yMS41LTQ4LTQ4VjE5NS42YzAtNSA1LjctNy44IDkuNy00LjcgMjIuNCAxNy40IDUyLjEgMzkuNSAxNTQuMSAxMTMuNiAyMS4xIDE1LjQgNTYuNyA0Ny44IDkyLjIgNDcuNiAzNS43LjMgNzItMzIuOCA5Mi4zLTQ3LjYgMTAyLTc0LjEgMTMxLjYtOTYuMyAxNTQtMTEzLjd6TTI1NiAzMjBjMjMuMi40IDU2LjYtMjkuMiA3My40LTQxLjQgMTMyLjctOTYuMyAxNDIuOC0xMDQuNyAxNzMuNC0xMjguNyA1LjgtNC41IDkuMi0xMS41IDkuMi0xOC45di0xOWMwLTI2LjUtMjEuNS00OC00OC00OEg0OEMyMS41IDY0IDAgODUuNSAwIDExMnYxOWMwIDcuNCAzLjQgMTQuMyA5LjIgMTguOSAzMC42IDIzLjkgNDAuNyAzMi40IDE3My40IDEyOC43IDE2LjggMTIuMiA1MC4yIDQxLjggNzMuNCA0MS40eiIgc3Ryb2tlPSIjZmNiOTAwIiBzdHlsZT0iZmlsbDogcmdiKDI1MiwgMTg1LCAwKTsgc3Ryb2tlOiByZ2IoMjUyLCAxODUsIDApOyIvPjwvc3ZnPg==')}.ugb-aff06a1 li:nth-child(4):before{background-image:url('data:image\/svg+xml;base64,PHN2ZyBkYXRhLXByZWZpeD0iZmFzIiBkYXRhLWljb249InBob25lLWFsdCIgY2xhc3M9InN2Zy1pbmxpbmUtLWZhIGZhLXBob25lLWFsdCBmYS13LTE2IiByb2xlPSJpbWciIHhtbG5zPSJodHRwOi8vd3d3LnczLm9yZy8yMDAwL3N2ZyIgdmlld0JveD0iMCAwIDUxMiA1MTIiIHN0eWxlPSJmaWxsOiAjZmNiOTAwICFpbXBvcnRhbnQ7IGNvbG9yOiAjZmNiOTAwICFpbXBvcnRhbnQiPjxwYXRoIGZpbGw9IiNmY2I5MDAiIGQ9Ik00OTcuMzkgMzYxLjhsLTExMi00OGEyNCAyNCAwIDAgMC0yOCA2LjlsLTQ5LjYgNjAuNkEzNzAuNjYgMzcwLjY2IDAgMCAxIDEzMC42IDIwNC4xMWw2MC42LTQ5LjZhMjMuOTQgMjMuOTQgMCAwIDAgNi45LTI4bC00OC0xMTJBMjQuMTYgMjQuMTYgMCAwIDAgMTIyLjYuNjFsLTEwNCAyNEEyNCAyNCAwIDAgMCAwIDQ4YzAgMjU2LjUgMjA3LjkgNDY0IDQ2NCA0NjRhMjQgMjQgMCAwIDAgMjMuNC0xOC42bDI0LTEwNGEyNC4yOSAyNC4yOSAwIDAgMC0xNC4wMS0yNy42eiIgc3Ryb2tlPSIjZmNiOTAwIiBzdHlsZT0iZmlsbDogcmdiKDI1MiwgMTg1LCAwKTsgc3Ryb2tlOiByZ2IoMjUyLCAxODUsIDApOyIvPjwvc3ZnPg==')}.ugb-aff06a1 li:nth-child(5):before{background-image:url('data:image\/svg+xml;base64,PHN2ZyBkYXRhLXByZWZpeD0iZmFzIiBkYXRhLWljb249ImVudmVsb3BlIiBjbGFzcz0ic3ZnLWlubGluZS0tZmEgZmEtZW52ZWxvcGUgZmEtdy0xNiIgcm9sZT0iaW1nIiB4bWxucz0iaHR0cDovL3d3dy53My5vcmcvMjAwMC9zdmciIHZpZXdCb3g9IjAgMCA1MTIgNTEyIiBzdHlsZT0iZmlsbDogI2ZjYjkwMCAhaW1wb3J0YW50OyBjb2xvcjogI2ZjYjkwMCAhaW1wb3J0YW50Ij48cGF0aCBmaWxsPSIjZmNiOTAwIiBkPSJNNTAyLjMgMTkwLjhjMy45LTMuMSA5LjctLjIgOS43IDQuN1Y0MDBjMCAyNi41LTIxLjUgNDgtNDggNDhINDhjLTI2LjUgMC00OC0yMS41LTQ4LTQ4VjE5NS42YzAtNSA1LjctNy44IDkuNy00LjcgMjIuNCAxNy40IDUyLjEgMzkuNSAxNTQuMSAxMTMuNiAyMS4xIDE1LjQgNTYuNyA0Ny44IDkyLjIgNDcuNiAzNS43LjMgNzItMzIuOCA5Mi4zLTQ3LjYgMTAyLTc0LjEgMTMxLjYtOTYuMyAxNTQtMTEzLjd6TTI1NiAzMjBjMjMuMi40IDU2LjYtMjkuMiA3My40LTQxLjQgMTMyLjctOTYuMyAxNDIuOC0xMDQuNyAxNzMuNC0xMjguNyA1LjgtNC41IDkuMi0xMS41IDkuMi0xOC45di0xOWMwLTI2LjUtMjEuNS00OC00OC00OEg0OEMyMS41IDY0IDAgODUuNSAwIDExMnYxOWMwIDcuNCAzLjQgMTQuMyA5LjIgMTguOSAzMC42IDIzLjkgNDAuNyAzMi40IDE3My40IDEyOC43IDE2LjggMTIuMiA1MC4yIDQxLjggNzMuNCA0MS40eiIgc3Ryb2tlPSIjZmNiOTAwIiBzdHlsZT0iZmlsbDogcmdiKDI1MiwgMTg1LCAwKTsgc3Ryb2tlOiByZ2IoMjUyLCAxODUsIDApOyIvPjwvc3ZnPg==')}.ugb-aff06a1 li:nth-child(6):before{background-image:url('data:image\/svg+xml;base64,PHN2ZyBkYXRhLXByZWZpeD0iZmFzIiBkYXRhLWljb249ImVudmVsb3BlIiBjbGFzcz0ic3ZnLWlubGluZS0tZmEgZmEtZW52ZWxvcGUgZmEtdy0xNiIgcm9sZT0iaW1nIiB4bWxucz0iaHR0cDovL3d3dy53My5vcmcvMjAwMC9zdmciIHZpZXdCb3g9IjAgMCA1MTIgNTEyIiBzdHlsZT0iZmlsbDogI2ZjYjkwMCAhaW1wb3J0YW50OyBjb2xvcjogI2ZjYjkwMCAhaW1wb3J0YW50Ij48cGF0aCBmaWxsPSIjZmNiOTAwIiBkPSJNNTAyLjMgMTkwLjhjMy45LTMuMSA5LjctLjIgOS43IDQuN1Y0MDBjMCAyNi41LTIxLjUgNDgtNDggNDhINDhjLTI2LjUgMC00OC0yMS41LTQ4LTQ4VjE5NS42YzAtNSA1LjctNy44IDkuNy00LjcgMjIuNCAxNy40IDUyLjEgMzkuNSAxNTQuMSAxMTMuNiAyMS4xIDE1LjQgNTYuNyA0Ny44IDkyLjIgNDcuNiAzNS43LjMgNzItMzIuOCA5Mi4zLTQ3LjYgMTAyLTc0LjEgMTMxLjYtOTYuMyAxNTQtMTEzLjd6TTI1NiAzMjBjMjMuMi40IDU2LjYtMjkuMiA3My40LTQxLjQgMTMyLjctOTYuMyAxNDIuOC0xMDQuNyAxNzMuNC0xMjguNyA1LjgtNC41IDkuMi0xMS41IDkuMi0xOC45di0xOWMwLTI2LjUtMjEuNS00OC00OC00OEg0OEMyMS41IDY0IDAgODUuNSAwIDExMnYxOWMwIDcuNCAzLjQgMTQuMyA5LjIgMTguOSAzMC42IDIzLjkgNDAuNyAzMi40IDE3My40IDEyOC43IDE2LjggMTIuMiA1MC4yIDQxLjggNzMuNCA0MS40eiIgc3Ryb2tlPSIjZmNiOTAwIiBzdHlsZT0iZmlsbDogcmdiKDI1MiwgMTg1LCAwKTsgc3Ryb2tlOiByZ2IoMjUyLCAxODUsIDApOyIvPjwvc3ZnPg==')}.ugb-aff06a1.ugb-icon-list ul{columns:1}<\/style>","protected":false},"excerpt":{"rendered":"","protected":false},"author":1,"featured_media":0,"parent":0,"menu_order":0,"comment_status":"closed","ping_status":"closed","template":"","meta":{"advgb_blocks_editor_width":"","advgb_blocks_columns_visual_guide":"","_coblocks_attr":"","_coblocks_dimensions":"","_coblocks_responsive_height":"","_coblocks_accordion_ie_support":"","footnotes":""},"class_list":["post-776","page","type-page","status-publish","hentry"],"featured_image_urls":{"full":"","thumbnail":"","medium":"","medium_large":"","large":"","1536x1536":"","2048x2048":"","ab-block-post-grid-landscape":"","ab-block-post-grid-square":"","flash-square":"","flash-big":"","flash-grid":"","sow-carousel-default":""},"post_excerpt_stackable":"<p>Innowacyjno\u015b\u0107 i\u00a0wygoda w\u00a0ochronie os\u00f3b i\u00a0mienia Do\u00a0zakresu dzia\u0142a\u0144 Zespo\u0142u ds.\u00a0Monitoringu ze\u00a0wsparciem Grup Interwencyjnych oraz\u00a0ochrony fizycznej Grupy KOK sp. z\u00a0o.o. nale\u017cy: Projektowanie i\u00a0wdra\u017canie system\u00f3w zabezpiecze\u0144 dostosowanych do\u00a0potrzeb Klienta, wykrywaj\u0105cych w\u00a0czasie rzeczywistym niekorzystne zdarzenia na\u00a0terenie obiekt\u00f3w tj.\u00a0w\u0142amania, kradzie\u017ce, naruszenia ci\u0105g\u0142o\u015bci okre\u015blonych stref, nieautoryzowane wej\u015bcia W\u0142a\u015bciwy dob\u00f3r sprz\u0119tu, w\u00a0tym kamer pracuj\u0105cych w\u00a0podczerwieni i\u00a0czujnik\u00f3w ultrad\u017awi\u0119kowych pozwalaj\u0105cych na\u00a0efektywne ich wykorzystanie nawet w\u00a0niekorzystnych warunkach atmosferycznych, takich jak opady \u015bniegu lub mg\u0142y Pe\u0142na rejestracja zdarze\u0144 i\u00a0dzia\u0142a\u0144 operatora Analiza sygna\u0142\u00f3w oraz\u00a0w\u00a0razie potrzeby, adekwatna reakcja pracownik\u00f3w ochrony fizycznej i\u00a0Grup Interwencyjnych Serwis techniczny urz\u0105dze\u0144, sieci i\u00a0oprogramowania Uniwersalno\u015b\u0107 i\u00a0otwarto\u015b\u0107 systemu zabezpiecze\u0144 polega na\u00a0mo\u017cliwo\u015bci wykorzystania sprz\u0119tu posiadanego przez\u00a0Klienta, kt\u00f3ry\u00a0mo\u017cna w\u00a0razie potrzeby uzupe\u0142ni\u0107, rozbudowuj\u0105c&hellip;<\/p>\n","category_list":"","author_info":{"name":"demo","url":"https:\/\/grupakok.pl\/?author=1"},"comments_num":"0 comments","featured_image_src":null,"featured_image_src_square":null,"_links":{"self":[{"href":"https:\/\/grupakok.pl\/index.php?rest_route=\/wp\/v2\/pages\/776","targetHints":{"allow":["GET"]}}],"collection":[{"href":"https:\/\/grupakok.pl\/index.php?rest_route=\/wp\/v2\/pages"}],"about":[{"href":"https:\/\/grupakok.pl\/index.php?rest_route=\/wp\/v2\/types\/page"}],"author":[{"embeddable":true,"href":"https:\/\/grupakok.pl\/index.php?rest_route=\/wp\/v2\/users\/1"}],"replies":[{"embeddable":true,"href":"https:\/\/grupakok.pl\/index.php?rest_route=%2Fwp%2Fv2%2Fcomments&post=776"}],"version-history":[{"count":35,"href":"https:\/\/grupakok.pl\/index.php?rest_route=\/wp\/v2\/pages\/776\/revisions"}],"predecessor-version":[{"id":2727,"href":"https:\/\/grupakok.pl\/index.php?rest_route=\/wp\/v2\/pages\/776\/revisions\/2727"}],"wp:attachment":[{"href":"https:\/\/grupakok.pl\/index.php?rest_route=%2Fwp%2Fv2%2Fmedia&parent=776"}],"curies":[{"name":"wp","href":"https:\/\/api.w.org\/{rel}","templated":true}]}}