{"id":782,"date":"2020-11-25T18:09:50","date_gmt":"2020-11-25T18:09:50","guid":{"rendered":"http:\/\/dofustouchcompanion.socom.pl\/wp\/?page_id=782"},"modified":"2024-10-29T09:28:05","modified_gmt":"2024-10-29T08:28:05","slug":"slaskie-centrum-monitoringu","status":"publish","type":"page","link":"https:\/\/grupakok.pl\/?page_id=782","title":{"rendered":"\u015al\u0105skie Centrum Monitoringu"},"content":{"rendered":"\t\t<div data-elementor-type=\"wp-page\" data-elementor-id=\"782\" class=\"elementor elementor-782\" data-elementor-settings=\"[]\">\n\t\t\t\t\t\t<div class=\"elementor-inner\">\n\t\t\t\t\t\t\t<div class=\"elementor-section-wrap\">\n\t\t\t\t\t\t\t<section class=\"elementor-section elementor-top-section elementor-element elementor-element-35c2730b elementor-section-boxed elementor-section-height-default elementor-section-height-default\" data-id=\"35c2730b\" data-element_type=\"section\">\n\t\t\t\t\t\t<div class=\"elementor-container elementor-column-gap-default\">\n\t\t\t\t\t\t\t<div class=\"elementor-row\">\n\t\t\t\t\t<div class=\"elementor-column elementor-col-100 elementor-top-column elementor-element elementor-element-14b3037a\" data-id=\"14b3037a\" data-element_type=\"column\">\n\t\t\t<div class=\"elementor-column-wrap elementor-element-populated\">\n\t\t\t\t\t\t\t<div class=\"elementor-widget-wrap\">\n\t\t\t\t\t\t<div class=\"elementor-element elementor-element-5ea472c4 elementor-widget elementor-widget-text-editor\" data-id=\"5ea472c4\" data-element_type=\"widget\" data-widget_type=\"text-editor.default\">\n\t\t\t\t<div class=\"elementor-widget-container\">\n\t\t\t\t\t<div class=\"elementor-text-editor elementor-clearfix\"><p><!-- wp:columns --><\/p>\n<div class=\"wp-block-columns\">\n<p><!-- wp:column --><\/p>\n<div class=\"wp-block-column\">\n<p><!-- wp:ugb\/icon-list {\"iconColor\":\"#fcb900\",\"columns\":1,\"icon1\":\"\\u003csvg data-prefix=\\u0022fas\\u0022 data-icon=\\u0022ellipsis-v\\u0022 class=\\u0022svg-inline\\u002d\\u002dfa fa-ellipsis-v fa-w-6\\u0022 role=\\u0022img\\u0022 xmlns=\\u0022http:\/\/www.w3.org\/2000\/svg\\u0022 viewBox=\\u00220 0 192 512\\u0022\\u003e\\u003cpath fill=\\u0022currentColor\\u0022 d=\\u0022M96 184c39.8 0 72 32.2 72 72s-32.2 72-72 72-72-32.2-72-72 32.2-72 72-72zM24 80c0 39.8 32.2 72 72 72s72-32.2 72-72S135.8 8 96 8 24 40.2 24 80zm0 352c0 39.8 32.2 72 72 72s72-32.2 72-72-32.2-72-72-72-72 32.2-72 72z\\u0022\\u003e\\u003c\/path\\u003e\\u003c\/svg\\u003e\",\"icon2\":\"\\u003csvg data-prefix=\\u0022fas\\u0022 data-icon=\\u0022map-marked-alt\\u0022 class=\\u0022svg-inline\\u002d\\u002dfa fa-map-marked-alt fa-w-18\\u0022 role=\\u0022img\\u0022 xmlns=\\u0022http:\/\/www.w3.org\/2000\/svg\\u0022 viewBox=\\u00220 0 576 512\\u0022\\u003e\\u003cpath fill=\\u0022currentColor\\u0022 d=\\u0022M288 0c-69.59 0-126 56.41-126 126 0 56.26 82.35 158.8 113.9 196.02 6.39 7.54 17.82 7.54 24.2 0C331.65 284.8 414 182.26 414 126 414 56.41 357.59 0 288 0zm0 168c-23.2 0-42-18.8-42-42s18.8-42 42-42 42 18.8 42 42-18.8 42-42 42zM20.12 215.95A32.006 32.006 0 0 0 0 245.66v250.32c0 11.32 11.43 19.06 21.94 14.86L160 448V214.92c-8.84-15.98-16.07-31.54-21.25-46.42L20.12 215.95zM288 359.67c-14.07 0-27.38-6.18-36.51-16.96-19.66-23.2-40.57-49.62-59.49-76.72v182l192 64V266c-18.92 27.09-39.82 53.52-59.49 76.72-9.13 10.77-22.44 16.95-36.51 16.95zm266.06-198.51L416 224v288l139.88-55.95A31.996 31.996 0 0 0 576 426.34V176.02c0-11.32-11.43-19.06-21.94-14.86z\\u0022\\u003e\\u003c\/path\\u003e\\u003c\/svg\\u003e\",\"icon3\":\"\\u003csvg data-prefix=\\u0022fas\\u0022 data-icon=\\u0022phone-alt\\u0022 class=\\u0022svg-inline\\u002d\\u002dfa fa-phone-alt fa-w-16\\u0022 role=\\u0022img\\u0022 xmlns=\\u0022http:\/\/www.w3.org\/2000\/svg\\u0022 viewBox=\\u00220 0 512 512\\u0022\\u003e\\u003cpath fill=\\u0022currentColor\\u0022 d=\\u0022M497.39 361.8l-112-48a24 24 0 0 0-28 6.9l-49.6 60.6A370.66 370.66 0 0 1 130.6 204.11l60.6-49.6a23.94 23.94 0 0 0 6.9-28l-48-112A24.16 24.16 0 0 0 122.6.61l-104 24A24 24 0 0 0 0 48c0 256.5 207.9 464 464 464a24 24 0 0 0 23.4-18.6l24-104a24.29 24.29 0 0 0-14.01-27.6z\\u0022\\u003e\\u003c\/path\\u003e\\u003c\/svg\\u003e\",\"uniqueClass\":\"ugb-232842a\"} --><\/p>\n<div class=\"wp-block-ugb-icon-list ugb-icon-list ugb-232842a ugb-icon-list--v2 ugb-main-block\"><style>.ugb-232842a li::before{background-image:url('data:image\/svg+xml;base64,PHN2ZyB4bWxucz0iaHR0cDovL3d3dy53My5vcmcvMjAwMC9zdmciIHZpZXdCb3g9IjAgMCAxOTAgMTkwIiBzdHlsZT0iZmlsbDogI2ZjYjkwMCAhaW1wb3J0YW50OyBjb2xvcjogI2ZjYjkwMCAhaW1wb3J0YW50Ij48cG9seWdvbiBwb2ludHM9IjE3My44LDI4LjQgNjAuNCwxNDEuOCAxNS43LDk3LjIgNS4xLDEwNy44IDYwLjQsMTYzIDE4NC40LDM5IDE3My44LDI4LjQiIGZpbGw9IiNmY2I5MDAiIHN0cm9rZT0iI2ZjYjkwMCIgc3R5bGU9ImZpbGw6IHJnYigyNTIsIDE4NSwgMCk7IHN0cm9rZTogcmdiKDI1MiwgMTg1LCAwKTsiLz48L3N2Zz4=')}.ugb-232842a li:nth-child(1):before{background-image:url('data:image\/svg+xml;base64,PHN2ZyBkYXRhLXByZWZpeD0iZmFzIiBkYXRhLWljb249ImVsbGlwc2lzLXYiIGNsYXNzPSJzdmctaW5saW5lLS1mYSBmYS1lbGxpcHNpcy12IGZhLXctNiIgcm9sZT0iaW1nIiB4bWxucz0iaHR0cDovL3d3dy53My5vcmcvMjAwMC9zdmciIHZpZXdCb3g9IjAgMCAxOTIgNTEyIiBzdHlsZT0iZmlsbDogI2ZjYjkwMCAhaW1wb3J0YW50OyBjb2xvcjogI2ZjYjkwMCAhaW1wb3J0YW50Ij48cGF0aCBmaWxsPSIjZmNiOTAwIiBkPSJNOTYgMTg0YzM5LjggMCA3MiAzMi4yIDcyIDcycy0zMi4yIDcyLTcyIDcyLTcyLTMyLjItNzItNzIgMzIuMi03MiA3Mi03MnpNMjQgODBjMCAzOS44IDMyLjIgNzIgNzIgNzJzNzItMzIuMiA3Mi03MlMxMzUuOCA4IDk2IDggMjQgNDAuMiAyNCA4MHptMCAzNTJjMCAzOS44IDMyLjIgNzIgNzIgNzJzNzItMzIuMiA3Mi03Mi0zMi4yLTcyLTcyLTcyLTcyIDMyLjItNzIgNzJ6IiBzdHJva2U9IiNmY2I5MDAiIHN0eWxlPSJmaWxsOiByZ2IoMjUyLCAxODUsIDApOyBzdHJva2U6IHJnYigyNTIsIDE4NSwgMCk7Ii8+PC9zdmc+')}.ugb-232842a li:nth-child(2):before{background-image:url('data:image\/svg+xml;base64,PHN2ZyBkYXRhLXByZWZpeD0iZmFzIiBkYXRhLWljb249Im1hcC1tYXJrZWQtYWx0IiBjbGFzcz0ic3ZnLWlubGluZS0tZmEgZmEtbWFwLW1hcmtlZC1hbHQgZmEtdy0xOCIgcm9sZT0iaW1nIiB4bWxucz0iaHR0cDovL3d3dy53My5vcmcvMjAwMC9zdmciIHZpZXdCb3g9IjAgMCA1NzYgNTEyIiBzdHlsZT0iZmlsbDogI2ZjYjkwMCAhaW1wb3J0YW50OyBjb2xvcjogI2ZjYjkwMCAhaW1wb3J0YW50Ij48cGF0aCBmaWxsPSIjZmNiOTAwIiBkPSJNMjg4IDBjLTY5LjU5IDAtMTI2IDU2LjQxLTEyNiAxMjYgMCA1Ni4yNiA4Mi4zNSAxNTguOCAxMTMuOSAxOTYuMDIgNi4zOSA3LjU0IDE3LjgyIDcuNTQgMjQuMiAwQzMzMS42NSAyODQuOCA0MTQgMTgyLjI2IDQxNCAxMjYgNDE0IDU2LjQxIDM1Ny41OSAwIDI4OCAwem0wIDE2OGMtMjMuMiAwLTQyLTE4LjgtNDItNDJzMTguOC00MiA0Mi00MiA0MiAxOC44IDQyIDQyLTE4LjggNDItNDIgNDJ6TTIwLjEyIDIxNS45NUEzMi4wMDYgMzIuMDA2IDAgMCAwIDAgMjQ1LjY2djI1MC4zMmMwIDExLjMyIDExLjQzIDE5LjA2IDIxLjk0IDE0Ljg2TDE2MCA0NDhWMjE0LjkyYy04Ljg0LTE1Ljk4LTE2LjA3LTMxLjU0LTIxLjI1LTQ2LjQyTDIwLjEyIDIxNS45NXpNMjg4IDM1OS42N2MtMTQuMDcgMC0yNy4zOC02LjE4LTM2LjUxLTE2Ljk2LTE5LjY2LTIzLjItNDAuNTctNDkuNjItNTkuNDktNzYuNzJ2MTgybDE5MiA2NFYyNjZjLTE4LjkyIDI3LjA5LTM5LjgyIDUzLjUyLTU5LjQ5IDc2LjcyLTkuMTMgMTAuNzctMjIuNDQgMTYuOTUtMzYuNTEgMTYuOTV6bTI2Ni4wNi0xOTguNTFMNDE2IDIyNHYyODhsMTM5Ljg4LTU1Ljk1QTMxLjk5NiAzMS45OTYgMCAwIDAgNTc2IDQyNi4zNFYxNzYuMDJjMC0xMS4zMi0xMS40My0xOS4wNi0yMS45NC0xNC44NnoiIHN0cm9rZT0iI2ZjYjkwMCIgc3R5bGU9ImZpbGw6IHJnYigyNTIsIDE4NSwgMCk7IHN0cm9rZTogcmdiKDI1MiwgMTg1LCAwKTsiLz48L3N2Zz4=')}.ugb-232842a li:nth-child(3):before{background-image:url('data:image\/svg+xml;base64,PHN2ZyBkYXRhLXByZWZpeD0iZmFzIiBkYXRhLWljb249InBob25lLWFsdCIgY2xhc3M9InN2Zy1pbmxpbmUtLWZhIGZhLXBob25lLWFsdCBmYS13LTE2IiByb2xlPSJpbWciIHhtbG5zPSJodHRwOi8vd3d3LnczLm9yZy8yMDAwL3N2ZyIgdmlld0JveD0iMCAwIDUxMiA1MTIiIHN0eWxlPSJmaWxsOiAjZmNiOTAwICFpbXBvcnRhbnQ7IGNvbG9yOiAjZmNiOTAwICFpbXBvcnRhbnQiPjxwYXRoIGZpbGw9IiNmY2I5MDAiIGQ9Ik00OTcuMzkgMzYxLjhsLTExMi00OGEyNCAyNCAwIDAgMC0yOCA2LjlsLTQ5LjYgNjAuNkEzNzAuNjYgMzcwLjY2IDAgMCAxIDEzMC42IDIwNC4xMWw2MC42LTQ5LjZhMjMuOTQgMjMuOTQgMCAwIDAgNi45LTI4bC00OC0xMTJBMjQuMTYgMjQuMTYgMCAwIDAgMTIyLjYuNjFsLTEwNCAyNEEyNCAyNCAwIDAgMCAwIDQ4YzAgMjU2LjUgMjA3LjkgNDY0IDQ2NCA0NjRhMjQgMjQgMCAwIDAgMjMuNC0xOC42bDI0LTEwNGEyNC4yOSAyNC4yOSAwIDAgMC0xNC4wMS0yNy42eiIgc3Ryb2tlPSIjZmNiOTAwIiBzdHlsZT0iZmlsbDogcmdiKDI1MiwgMTg1LCAwKTsgc3Ryb2tlOiByZ2IoMjUyLCAxODUsIDApOyIvPjwvc3ZnPg==')}.ugb-232842a.ugb-icon-list ul{columns:1}<\/style>\n<div class=\"ugb-inner-block\">\n<div class=\"ugb-block-content\">\n<ul>\n<li><strong>\u015al\u0105skie Centrum Monitoringu<\/strong><\/li>\n<li>41-806 Zabrze ul. Lompy 11<\/li>\n<li>(32) 376 10 00<\/li>\n<\/ul>\n<\/div>\n<\/div>\n<\/div>\n<p><!-- \/wp:ugb\/icon-list --><\/p>\n<\/div>\n<p><!-- \/wp:column --><\/p>\n<p><!-- wp:column --><\/p>\n<div class=\"wp-block-column\"><!-- wp:html --><br \/><iframe class=\"wpcw-widget-contact-map\" src=\"https:\/\/www.google.com\/maps?q=40-101%20katowice%20ul.%20chorzowska%206&amp;output=embed&amp;hl=pl&amp;z=14\" frameborder=\"0\"><\/iframe><br \/><!-- \/wp:html --><\/div>\n<p><!-- \/wp:column --><\/p>\n<\/div>\n<p><!-- \/wp:columns --><\/p>\n<p><!-- wp:siteorigin-panels\/layout-block {\"panelsData\":{\"widgets\":[{\"title\":\"\",\"text\":\"Oferujemy wykonanie system\u00f3w bezpiecze\u0144stwa od\u00a0fazy projektu poprzez monta\u017c instalacji do\u00a0konfiguracji oprogramowania wraz z\u00a0zabezpieczeniem technicznym obiekt\u00f3w,\\n\\nmonitoringiem wizyjnym oraz\u00a0bie\u017c\u0105c\u0105 weryfikacj\u0105 system\u00f3w alarmowych skoordynowan\u0105 ze\u00a0wsparciem grup interwencyjnych oraz\\n\\nobs\u0142ug\u0105 telewizji przemys\u0142owej CCTV \u2013 inteligentna analiza obrazu.\\n\\n\\u0026nbsp;\\n\\nWiedza i\u00a0wieloletnie do\u015bwiadczenie w\u00a0zakresie nowoczesnych rozwi\u0105za\u0144 s\u0142u\u017c\u0105cych utrzymaniu bezpiecze\u0144stwa obiekt\u00f3w umo\u017cliwiaj\u0105ca sta\u0142\u0105 i\u00a0zdaln\u0105 weryfikacj\u0119 sygna\u0142u alarmowego za\u00a0po\u015brednictwem \u0142\u0105cz internetowych (transmisji video) sta\u0142o si\u0119 bod\u017acem do\u00a0opracowania nowoczesnego\u00a0 systemu, kt\u00f3rego\u00a0celem jest:\\n\\n\u2013 ochrona obiekt\u00f3w ruchomych i\u00a0sta\u0142ych ca\u0142\u0105 dob\u0119\\n\\n\u2013 prewencja\\n\\n\u2013 obni\u017cenie koszt\u00f3w ochrony\",\"filter\":true,\"visual\":true,\"csb_visibility\":{\"action\":\"show\",\"conditions\":{\"guest\":[],\"date\":[],\"roles\":[],\"pagetypes\":[],\"posttypes\":[],\"membership\":[],\"membership2\":[],\"prosite\":[],\"pt-post\":[],\"pt-page\":[],\"pt-elementor_library\":[],\"pt-portfolio\":[],\"pt-przetargi1\":[],\"tax-category\":[],\"tax-post_tag\":[],\"tax-post_format\":[],\"tax-portfolio_cat\":[],\"tax-portfolio_tag\":[],\"tax-coblocks_pattern_type\":[],\"tax-coblocks_pattern_category\":[]},\"always\":true},\"csb_clone\":{\"group\":8,\"state\":\"ok\"},\"panels_info\":{\"class\":\"WP_Widget_Text\",\"raw\":false,\"grid\":0,\"cell\":0,\"id\":0,\"widget_id\":\"8d805984-01fd-48dd-8448-59bf246cceef\",\"style\":{\"background_image_attachment\":false,\"background_display\":\"tile\"}}},{\"image\":\"https:\/\/grupakok.pl\/wp-content\/uploads\/2020\/11\/obraz_2020-11-29_015542.png\",\"image_link\":\"\",\"panels_info\":{\"class\":\"FT_Widget_Image\",\"grid\":0,\"cell\":1,\"id\":1,\"widget_id\":\"5e383146-84df-45ad-9114-a8789c37aad3\",\"style\":{\"background_image_attachment\":false,\"background_display\":\"tile\"}},\"csb_visibility\":{\"action\":\"show\",\"conditions\":{\"guest\":[],\"date\":[],\"roles\":[],\"pagetypes\":[],\"posttypes\":[],\"membership\":[],\"membership2\":[],\"prosite\":[],\"pt-post\":[],\"pt-page\":[],\"pt-elementor_library\":[],\"pt-portfolio\":[],\"tax-category\":[],\"tax-post_tag\":[],\"tax-post_format\":[],\"tax-portfolio_cat\":[],\"tax-portfolio_tag\":[],\"tax-coblocks_pattern_type\":[],\"tax-coblocks_pattern_category\":[]},\"always\":true},\"csb_clone\":{\"group\":2,\"state\":\"ok\"}}],\"grids\":[{\"cells\":2,\"style\":[],\"ratio\":1,\"ratio_direction\":\"right\"}],\"grid_cells\":[{\"grid\":0,\"index\":0,\"weight\":0.5,\"style\":[]},{\"grid\":0,\"index\":1,\"weight\":0.5,\"style\":[]}]},\"contentPreview\":\"\\u003cdiv id=\\u0022pl-782\\u0022 class=\\u0022panel-layout\\u0022 \\u003e\\u003cdiv id=\\u0022pg-782-0\\u0022 class=\\u0022panel-grid panel-no-style\\u0022 \\u003e\\u003cdiv id=\\u0022pgc-782-0-0\\u0022 class=\\u0022panel-grid-cell\\u0022 \\u003e\\u003cdiv id=\\u0022panel-782-0-0-0\\u0022 class=\\u0022so-panel widget widget_text panel-first-child panel-last-child\\u0022 data-index=\\u00220\\u0022 \\u003e\\t\\t\\t\\u003cdiv class=\\u0022textwidget\\u0022\\u003e\\u003cp\\u003eOferujemy wykonanie system\u00f3w bezpiecze\u0144stwa od\u00a0fazy projektu poprzez monta\u017c instalacji do\u00a0konfiguracji oprogramowania wraz z\u00a0zabezpieczeniem technicznym obiekt\u00f3w,\\u003c\/p\\u003e\\n\\u003cp\\u003emonitoringiem wizyjnym oraz\u00a0bie\u017c\u0105c\u0105 weryfikacj\u0105 system\u00f3w alarmowych skoordynowan\u0105 ze\u00a0wsparciem grup interwencyjnych oraz\\u003c\/p\\u003e\\n\\u003cp\\u003eobs\u0142ug\u0105 telewizji przemys\u0142owej CCTV \u2013 inteligentna analiza obrazu.\\u003c\/p\\u003e\\n\\u003cp\\u003e\\u0026nbsp;\\u003c\/p\\u003e\\n\\u003cp\\u003eWiedza i\u00a0wieloletnie do\u015bwiadczenie w\u00a0zakresie nowoczesnych rozwi\u0105za\u0144 s\u0142u\u017c\u0105cych utrzymaniu bezpiecze\u0144stwa obiekt\u00f3w umo\u017cliwiaj\u0105ca sta\u0142\u0105 i\u00a0zdaln\u0105 weryfikacj\u0119 sygna\u0142u alarmowego za\u00a0po\u015brednictwem \u0142\u0105cz internetowych (transmisji video) sta\u0142o si\u0119 bod\u017acem do\u00a0opracowania nowoczesnego\u00a0 systemu, kt\u00f3rego\u00a0celem jest:\\u003c\/p\\u003e\\n\\u003cp\\u003e\u2013 ochrona obiekt\u00f3w ruchomych i\u00a0sta\u0142ych ca\u0142\u0105 dob\u0119\\u003c\/p\\u003e\\n\\u003cp\\u003e\u2013 prewencja\\u003c\/p\\u003e\\n\\u003cp\\u003e\u2013 obni\u017cenie koszt\u00f3w ochrony\\u003c\/p\\u003e\\n\\u003c\/div\\u003e\\n\\t\\t\\u003c\/div\\u003e\\u003c\/div\\u003e\\u003cdiv id=\\u0022pgc-782-0-1\\u0022 class=\\u0022panel-grid-cell\\u0022 \\u003e\\u003cdiv id=\\u0022panel-782-0-1-0\\u0022 class=\\u0022so-panel widget widget_themegrill_flash_image tg-widget tg-image-widget panel-first-child panel-last-child\\u0022 data-index=\\u00221\\u0022 \\u003e\\t\\u003cimg src=\\u0022https:\/\/grupakok.pl\/wp-content\/uploads\/2020\/11\/obraz_2020-11-29_015542.png\\u0022 \/\\u003e\\n\\u003c\/div\\u003e\\u003c\/div\\u003e\\u003c\/div\\u003e\\u003c\/div\\u003e\"} --><\/p>\n<div class=\"wp-block-siteorigin-panels-layout-block\">\n<div id=\"pl-782\" class=\"panel-layout\">\n<div id=\"pg-782-0\" class=\"panel-grid panel-no-style\">\n<div id=\"pgc-782-0-0\" class=\"panel-grid-cell\">\n<div id=\"panel-782-0-0-0\" class=\"so-panel widget widget_text panel-first-child panel-last-child\" data-index=\"0\">\n<div class=\"textwidget\">\n<p>Oferujemy wykonanie system\u00f3w bezpiecze\u0144stwa od\u00a0fazy projektu poprzez monta\u017c instalacji do\u00a0konfiguracji oprogramowania wraz z\u00a0zabezpieczeniem technicznym obiekt\u00f3w,<\/p>\n<p>monitoringiem wizyjnym oraz\u00a0bie\u017c\u0105c\u0105 weryfikacj\u0105 system\u00f3w alarmowych skoordynowan\u0105 ze\u00a0wsparciem grup interwencyjnych oraz<\/p>\n<p>obs\u0142ug\u0105 telewizji przemys\u0142owej CCTV \u2013 inteligentna analiza obrazu.<\/p>\n<p>\u00a0<\/p>\n<p>Wiedza i\u00a0wieloletnie do\u015bwiadczenie w\u00a0zakresie nowoczesnych rozwi\u0105za\u0144 s\u0142u\u017c\u0105cych utrzymaniu bezpiecze\u0144stwa obiekt\u00f3w umo\u017cliwiaj\u0105ca sta\u0142\u0105 i\u00a0zdaln\u0105 weryfikacj\u0119 sygna\u0142u alarmowego za\u00a0po\u015brednictwem \u0142\u0105cz internetowych (transmisji video) sta\u0142o si\u0119 bod\u017acem do\u00a0opracowania nowoczesnego\u00a0 systemu, kt\u00f3rego\u00a0celem jest:<\/p>\n<p>\u2013 ochrona obiekt\u00f3w ruchomych i\u00a0sta\u0142ych ca\u0142\u0105 dob\u0119<\/p>\n<p>\u2013 prewencja<\/p>\n<p>\u2013 obni\u017cenie koszt\u00f3w ochrony<\/p>\n<\/div>\n<\/div>\n<\/div>\n<div id=\"pgc-782-0-1\" class=\"panel-grid-cell\">\n<div id=\"panel-782-0-1-0\" class=\"so-panel widget widget_themegrill_flash_image tg-widget tg-image-widget panel-first-child panel-last-child\" data-index=\"1\"><img decoding=\"async\" src=\"https:\/\/grupakok.pl\/wp-content\/uploads\/2020\/11\/obraz_2020-11-29_015542.png\" \/><\/div>\n<\/div>\n<\/div>\n<\/div>\n<\/div>\n<p><!-- \/wp:siteorigin-panels\/layout-block --><\/p>\n<p><!-- wp:paragraph --><\/p>\n<p><!-- \/wp:paragraph --><\/p><\/div>\n\t\t\t\t<\/div>\n\t\t\t\t<\/div>\n\t\t\t\t\t\t<\/div>\n\t\t\t\t\t<\/div>\n\t\t<\/div>\n\t\t\t\t\t\t\t\t<\/div>\n\t\t\t\t\t<\/div>\n\t\t<\/section>\n\t\t\t\t\t\t<\/div>\n\t\t\t\t\t\t<\/div>\n\t\t\t\t\t<\/div>\n\t\t","protected":false},"excerpt":{"rendered":"","protected":false},"author":1,"featured_media":0,"parent":0,"menu_order":0,"comment_status":"closed","ping_status":"closed","template":"","meta":{"advgb_blocks_editor_width":"","advgb_blocks_columns_visual_guide":"","_coblocks_attr":"","_coblocks_dimensions":"","_coblocks_responsive_height":"","_coblocks_accordion_ie_support":"","footnotes":""},"class_list":["post-782","page","type-page","status-publish","hentry"],"featured_image_urls":{"full":"","thumbnail":"","medium":"","medium_large":"","large":"","1536x1536":"","2048x2048":"","ab-block-post-grid-landscape":"","ab-block-post-grid-square":"","flash-square":"","flash-big":"","flash-grid":"","sow-carousel-default":""},"post_excerpt_stackable":"<p>\u015al\u0105skie Centrum Monitoringu 41-806 Zabrze ul. Lompy 11 (32) 376 10 00 Oferujemy wykonanie system\u00f3w bezpiecze\u0144stwa od\u00a0fazy projektu poprzez monta\u017c instalacji do\u00a0konfiguracji oprogramowania wraz z\u00a0zabezpieczeniem technicznym obiekt\u00f3w, monitoringiem wizyjnym oraz\u00a0bie\u017c\u0105c\u0105 weryfikacj\u0105 system\u00f3w alarmowych skoordynowan\u0105 ze\u00a0wsparciem grup interwencyjnych oraz obs\u0142ug\u0105 telewizji przemys\u0142owej CCTV \u2013 inteligentna analiza obrazu. &nbsp; Wiedza i\u00a0wieloletnie do\u015bwiadczenie w\u00a0zakresie nowoczesnych rozwi\u0105za\u0144 s\u0142u\u017c\u0105cych utrzymaniu bezpiecze\u0144stwa obiekt\u00f3w umo\u017cliwiaj\u0105ca sta\u0142\u0105 i\u00a0zdaln\u0105 weryfikacj\u0119 sygna\u0142u alarmowego za\u00a0po\u015brednictwem \u0142\u0105cz internetowych (transmisji video) sta\u0142o si\u0119 bod\u017acem do\u00a0opracowania nowoczesnego\u00a0 systemu, kt\u00f3rego\u00a0celem jest: \u2013 ochrona obiekt\u00f3w ruchomych i\u00a0sta\u0142ych ca\u0142\u0105 dob\u0119 \u2013 prewencja \u2013 obni\u017cenie koszt\u00f3w ochrony<\/p>\n","category_list":"","author_info":{"name":"demo","url":"https:\/\/grupakok.pl\/?author=1"},"comments_num":"0 comments","featured_image_src":null,"featured_image_src_square":null,"_links":{"self":[{"href":"https:\/\/grupakok.pl\/index.php?rest_route=\/wp\/v2\/pages\/782","targetHints":{"allow":["GET"]}}],"collection":[{"href":"https:\/\/grupakok.pl\/index.php?rest_route=\/wp\/v2\/pages"}],"about":[{"href":"https:\/\/grupakok.pl\/index.php?rest_route=\/wp\/v2\/types\/page"}],"author":[{"embeddable":true,"href":"https:\/\/grupakok.pl\/index.php?rest_route=\/wp\/v2\/users\/1"}],"replies":[{"embeddable":true,"href":"https:\/\/grupakok.pl\/index.php?rest_route=%2Fwp%2Fv2%2Fcomments&post=782"}],"version-history":[{"count":5,"href":"https:\/\/grupakok.pl\/index.php?rest_route=\/wp\/v2\/pages\/782\/revisions"}],"predecessor-version":[{"id":3011,"href":"https:\/\/grupakok.pl\/index.php?rest_route=\/wp\/v2\/pages\/782\/revisions\/3011"}],"wp:attachment":[{"href":"https:\/\/grupakok.pl\/index.php?rest_route=%2Fwp%2Fv2%2Fmedia&parent=782"}],"curies":[{"name":"wp","href":"https:\/\/api.w.org\/{rel}","templated":true}]}}